{"id":118035,"date":"2022-07-25T13:31:08","date_gmt":"2022-07-25T11:31:08","guid":{"rendered":"https:\/\/nika.animatec.cz\/zasady-ochrany-osobnich-udaju\/"},"modified":"2022-09-14T09:44:14","modified_gmt":"2022-09-14T07:44:14","slug":"prozess-der-verarbeitung-personenbezogener-daten","status":"publish","type":"page","link":"https:\/\/nikalogistics.cz\/de\/prozess-der-verarbeitung-personenbezogener-daten\/","title":{"rendered":"Prozess der Verarbeitung personenbezogener Daten"},"content":{"rendered":"<h1><strong>Grunds\u00e4tze der Verarbeitung personenbezogener Daten durch die Gesellschaft Holding \u0160m\u00eddl<\/strong><\/h1>\n<p>Am\u00a0 25.5.2018 hat in der Tschechischen Republik die Verordnung des Europ\u00e4ischen Parlaments und Rates (EU) 2016\/679 \u00fcber Schutz von personenbezogenen Daten, bekannt unter dem Namen GDPR, zu gelten angefangen. Eine der Anforderungen der neuen Verordnung besteht auch in der Pflicht des Verwalters personenbezogener Daten (weiter nur \u201eGesellschaft\u201c genannt), die Datensubjekte (siehe unten) \u00fcber die Grunds\u00e4tze der Verarbeitung von ihren personenbezogenen Daten zu informieren, insbesondere dar\u00fcber:<\/p>\n<p>&nbsp;<\/p>\n<ul>\n<li>wer die Datensubjekte sind, deren personenbezogene Daten durch die Gesellschaft verarbeitet werden<\/li>\n<li>welche personenbezogenen Daten durch die Gesellschaft verarbeitet werden<\/li>\n<li>zu welchem Zwecke die personenbezogenen Daten durch die Gesellschaft verarbeitet werden<\/li>\n<li>wer eventuell ihre weiteren Empf\u00e4nger sind, denen diese personenbezogenen Daten \u00fcbermittelt werden<\/li>\n<li>wie lange Zeit die personenbezogenen Daten verarbeitet und aufbewahrt werden<\/li>\n<li>wie die Rechte der Datensubjekte sind<\/li>\n<li>auf welche Weise die genannten Subjekte der personenbezogenen Daten ihre Rechte bei der Gesellschaft geltend machen k\u00f6nnen, die diese verarbeitet<\/li>\n<\/ul>\n<p>&nbsp;<\/p>\n<p><strong>Die Verwalter und Verarbeiter personenbezogener Daten <\/strong>sind neben der Gesellschaft <strong>\u0160m\u00eddl Holdingov\u00e1 Spole\u010dnost a.s., Id.Nr. 03220311<\/strong>, mit dem Sitz \u010cs. arm\u00e1dy 991,\u017damberk, 564 01, eingetragen im Handelsregister, gef\u00fchrt beim Kreisgericht in Hradec Kr\u00e1lov\u00e9, Abteil B, Einlage 3315, auch alle Rechtssubjekte im Rahmen dieser Holding, also:<\/p>\n<ul>\n<li><strong>\u0160m\u00eddl Provozn\u00ed Holding s.r.o.<\/strong>, <strong>Nr. 03526275, <\/strong>mit dem Sitz \u010cs. arm\u00e1dy 991,\u017damberk, 564 01 eingetragen im Handelsregister, gef\u00fchrt beim Kreisgericht in Hradec Kr\u00e1lov\u00e9 Abteil C, Einlage 34220<\/li>\n<li><strong>\u0160m\u00eddl s.r.o., Id.Nr. 26009030, <\/strong>mit dem Sitz \u010cs. arm\u00e1dy 991,\u017damberk, 564 01, eingetragen im Handelsregister, gef\u00fchrt beim Kreisgericht in Hradec Kr\u00e1lov\u00e9 Abteil C, Einlage 19828<\/li>\n<li><strong>\u0160m\u00eddl Servis s.r.o., Id.Nr. 02352583, <\/strong>mit dem Sitz \u010cs. arm\u00e1dy 991,\u017damberk, 564 01, eingetragen im Handelsregister, gef\u00fchrt beim Kreisgericht in Hradec Kr\u00e1lov\u00e9 Abteil C, Einlage 34296<\/li>\n<li><strong>\u0160m\u00eddl Reality s.r.o., Id.Nr. 02418541, <\/strong>mit dem Sitz \u010cs. arm\u00e1dy 991,\u017damberk, 564 01, eingetragen im Handelsregister, gef\u00fchrt beim Kreisgericht in Hradec Kr\u00e1lov\u00e9 Abteil C, Einlage 32979<\/li>\n<li><strong>NIKA Logistics a.s., Id.Nr. 03624188, <\/strong>mit dem Sitz N\u00e1dra\u017en\u00ed 220, Hroch\u016fv T\u00fdnec, 538 62, eingetragen im Handelsregister, gef\u00fchrt beim Kreisgericht in Hradec Kr\u00e1lov\u00e9 Abteil B, Einlage 3367<\/li>\n<\/ul>\n<p>Ihre personenbezogenen Daten k\u00f6nnen im Rahmen aller Gesellschaften von \u0160m\u00eddl Holdingov\u00e1 Spole\u010dnost a.s. mitgeteilt und verarbeitet werden.<\/p>\n<p><u>Wer sind die Subjekte personenbezogener Daten, die wir verarbeiten? <\/u><\/p>\n<ul>\n<li>Mitarbeiter der Gesellschaften<\/li>\n<li>Kunden dieser Gesellschaften (eventuell ihre Kunden und Lieferanten) als Empf\u00e4nger oder Absender der Sendungen, die wir bef\u00f6rdern oder lagern<\/li>\n<li>Lieferanten der Gesellschaften<\/li>\n<li>Sonstige Subjekte (vor allem Vertreter der Organe der staatlichen Verwaltung, der staatlichen Aufsicht oder Versicherungsgesellschaften, die der L\u00f6sung von Verkehrsunf\u00e4llen oder anderen Schadensf\u00e4llen beitreten)<\/li>\n<\/ul>\n<p>&nbsp;<\/p>\n<p><u>Welche personenbezogenen Daten verarbeiten wir?<\/u><\/p>\n<p>Es handelt sich vor allem um:<\/p>\n<ul>\n<li>Identifikationsangaben &#8211; Vorname, Familienname, Titel, Firma, Arbeitsposition<\/li>\n<li>Kontaktdaten &#8211; E-Mail, Telefonnummern, Firmenadresse oder Kontaktadresse<\/li>\n<li>Aufnahmen von Kamerasystemen &#8211; in den frei zug\u00e4nglichen Teilen der Areale der Gesellschaft<\/li>\n<\/ul>\n<p>&nbsp;<\/p>\n<p><u>Zu welchem Zwecke werden die personenbezogenen Daten durch die Gesellschaft verarbeitet?<\/u><\/p>\n<p>Ihre personenbezogenen Daten verarbeiten wir im zu folgenden Zwecken notwendigen Umfang:<\/p>\n<ul>\n<li>Erf\u00fcllung von Pflichten, die sich aus den allgemein verbindlichen rechtlichen Vorschriften ergeben<\/li>\n<li>Erf\u00fcllung von sich aus den Vertr\u00e4gen ergebenden Pflichten<\/li>\n<li>Erf\u00fcllung von sich aus den Bedingungen der ausgenutzten Dienstleistungen ergebenden Pflichten<\/li>\n<li>Erfassung von Kontakten zu Vertretern der Kunden und Gesch\u00e4ftspartner<\/li>\n<li>Sendung von Gesch\u00e4ftsmitteilungen mit einem Angebot von Produkten und Dienstleistungen<\/li>\n<li>Veranstaltung von Gesch\u00e4ftsevents und Schulungen einschlie\u00dflich Einladung und weiterer organisatorischer Sicherstellung<\/li>\n<li>Sicherstellung des Schutzes von Rechten und berechtigten Interessen der Gesellschaft<\/li>\n<\/ul>\n<p>&nbsp;<\/p>\n<p><u>Wer sind eventuell ihre weiteren Empf\u00e4nger, denen diese personenbezogenen Daten \u00fcbermittelt werden?<\/u><\/p>\n<ul>\n<li>Organe der staatlichen Verwaltung und der staatlichen Aufsicht<\/li>\n<li>Anbieter der Informationssysteme<\/li>\n<li>Kunden der Gesellschaften<\/li>\n<li>Lieferanten der Dienstleistungen, die sich an der Realisierung von Gesch\u00e4ftsf\u00e4llen der Gesellschaft beteiligen<\/li>\n<li>Potentielle Kunden der Gesellschaft<\/li>\n<li>Externe Lieferanten der Dienstleistungen (z.B. Objektbewachung)<\/li>\n<li>Sonstige Subjekte (z.B. Besch\u00e4digung bei Verkehrsunf\u00e4llen)<\/li>\n<\/ul>\n<p>&nbsp;<\/p>\n<p><u>Wie lange Zeit werden die personenbezogenen Daten verarbeitet und aufbewahrt?<\/u><\/p>\n<ul>\n<li>Die personenbezogenen Daten werden f\u00fcr die Laufzeit des Vertragsverh\u00e4ltnisses verarbeitet werden und nach dessen Beendigung werden diese laut der geltenden rechtlichen Regelung, vor allem Gesetz Nr. 85\/1996 Slg. (\u00fcber die Rechtsanwaltschaft), Gesetz Nr.\u00a0499\/2004 Slg. (Gesetz \u00fcber Archivwesen und Schriftgutverwaltung sowie die \u00c4nderung einiger <em>Gesetze<\/em>) und Verordnung des Europ\u00e4ischen Parlaments und Rates (EU) 2016\/679 vom 27. April 2016 zum Schutz nat\u00fcrlicher Personen bei der Verarbeitung personenbezogener Daten, zum freien Datenverkehr und zur Aufhebung der Richtlinie 95\/46\/EG (GDPR-Verordnung) behandelt werden.<\/li>\n<\/ul>\n<ul>\n<li><u>Wie sind die Rechte der Datensubjekte?<\/u><\/li>\n<li>Sie haben Recht, von dem Verwalter einen Zugriff auf Ihre personenbezogenen Daten, ihre Korrektur oder L\u00f6schen, beziehungsweise eine Einschr\u00e4nkung der Verarbeitung zu verlangen und einen Einspruch gegen Verarbeitung zu erheben, sowie das Recht auf die \u00dcbertragbarkeit von Daten. Sie haben ebenso auch Recht, eine Klage zu erheben und im Falle eines Verdachts, dass die Verarbeitung von Daten im Widerspruch mit dem Schutz von Ihrem privaten oder pers\u00f6nlichen Leben oder im Widerspruch mit dem Gesetz steht, haben Sie das Recht, beim Verwalter die Beseitigung des entstandenen Standes zu beantragen.<\/li>\n<\/ul>\n<p>&nbsp;<\/p>\n<p><u>Auf welche Weise k\u00f6nnen die genannten Subjekte personenbezogener Daten ihre Rechte bei der Gesellschaft geltend machen?<\/u><\/p>\n<ul>\n<li>Ihre Daten verarbeiten wir transparent, korrekt, im Einklang mit GDPR und allgemein verbindlichen rechtlichen Vorschriften. Sie haben Recht auf einen Zugriff auf Ihre Daten und Recht auf ihre Korrektur. Dieses Recht auf Zugriff auf Ihre Daten und weitere Ihrer Rechte machen Sie mit der Absendung einer Anforderung auf die E-Mail-Adresse gdpr@smidlholding.cz<\/li>\n<li><u>Wo kann man mehr Informationen erhalten?<\/u>\n<ul>\n<li>Mehr Informationen \u00fcber Rechte eines Datensubjektes stehen auf den Internetseiten des Amtes zum Schutz personenbezogener Daten zur Verf\u00fcgung. (<a href=\"https:\/\/www.uoou.cz\/6-prava-subjektu-udaj\/d-27276\">https:\/\/www.uoou.cz\/6-prava-subjektu-udaj\/d-27276<\/a>)<\/li>\n<\/ul>\n<\/li>\n<\/ul>\n<p>&nbsp;<\/p>\n","protected":false},"excerpt":{"rendered":"<p>Grunds\u00e4tze der Verarbeitung personenbezogener Daten durch die Gesellschaft Holding \u0160m\u00eddl Am\u00a0 25.5.2018 hat in der Tschechischen Republik die Verordnung des Europ\u00e4ischen Parlaments und Rates (EU) 2016\/679 \u00fcber Schutz von personenbezogenen<\/p>\n","protected":false},"author":1,"featured_media":0,"parent":0,"menu_order":0,"comment_status":"closed","ping_status":"closed","template":"","meta":{"om_disable_all_campaigns":false,"_monsterinsights_skip_tracking":false,"_monsterinsights_sitenote_active":false,"_monsterinsights_sitenote_note":"","_monsterinsights_sitenote_category":0,"footnotes":""},"class_list":["post-118035","page","type-page","status-publish","hentry"],"_links":{"self":[{"href":"https:\/\/nikalogistics.cz\/de\/wp-json\/wp\/v2\/pages\/118035","targetHints":{"allow":["GET"]}}],"collection":[{"href":"https:\/\/nikalogistics.cz\/de\/wp-json\/wp\/v2\/pages"}],"about":[{"href":"https:\/\/nikalogistics.cz\/de\/wp-json\/wp\/v2\/types\/page"}],"author":[{"embeddable":true,"href":"https:\/\/nikalogistics.cz\/de\/wp-json\/wp\/v2\/users\/1"}],"replies":[{"embeddable":true,"href":"https:\/\/nikalogistics.cz\/de\/wp-json\/wp\/v2\/comments?post=118035"}],"version-history":[{"count":1,"href":"https:\/\/nikalogistics.cz\/de\/wp-json\/wp\/v2\/pages\/118035\/revisions"}],"predecessor-version":[{"id":118230,"href":"https:\/\/nikalogistics.cz\/de\/wp-json\/wp\/v2\/pages\/118035\/revisions\/118230"}],"wp:attachment":[{"href":"https:\/\/nikalogistics.cz\/de\/wp-json\/wp\/v2\/media?parent=118035"}],"curies":[{"name":"wp","href":"https:\/\/api.w.org\/{rel}","templated":true}]}}